{"id":2374,"date":"2025-11-26T16:21:53","date_gmt":"2025-11-26T16:21:53","guid":{"rendered":"https:\/\/www.impresaedilekaredil.it\/dankesseite"},"modified":"2026-04-09T09:53:00","modified_gmt":"2026-04-09T09:53:00","slug":"dankesseite","status":"publish","type":"page","link":"https:\/\/www.impresaedilekaredil.it\/de\/dankesseite","title":{"rendered":"Dankesseite"},"content":{"rendered":"\t\t<div data-elementor-type=\"wp-page\" data-elementor-id=\"2374\" class=\"elementor elementor-2374 elementor-2203\" data-elementor-post-type=\"page\">\n\t\t\t\t<div class=\"elementor-element elementor-element-aa5f9cc e-flex e-con-boxed e-con e-parent\" data-id=\"aa5f9cc\" data-element_type=\"container\" data-e-type=\"container\">\n\t\t\t\t\t<div class=\"e-con-inner\">\n\t\t\t\t<div class=\"elementor-element elementor-element-42d5b25 elementor-widget elementor-widget-heading\" data-id=\"42d5b25\" data-element_type=\"widget\" data-e-type=\"widget\" data-widget_type=\"heading.default\">\n\t\t\t\t<div class=\"elementor-widget-container\">\n\t\t\t\t\t<h1 class=\"elementor-heading-title elementor-size-default\">Vielen Dank f\u00fcr Ihre Kontaktaufnahme<\/h1>\t\t\t\t<\/div>\n\t\t\t\t<\/div>\n\t\t\t\t\t<\/div>\n\t\t\t\t<\/div>\n\t\t<div class=\"elementor-element elementor-element-f67240e e-flex e-con-boxed e-con e-parent\" data-id=\"f67240e\" data-element_type=\"container\" data-e-type=\"container\">\n\t\t\t\t\t<div class=\"e-con-inner\">\n\t\t\t\t<div class=\"elementor-element elementor-element-8abe283 elementor-widget elementor-widget-text-editor\" data-id=\"8abe283\" data-element_type=\"widget\" data-e-type=\"widget\" data-widget_type=\"text-editor.default\">\n\t\t\t\t<div class=\"elementor-widget-container\">\n\t\t\t\t\t\t\t\t\t<p class=\"p1\"><span class=\"s1\">Sehr geehrter Kunde,<\/span><\/p><p class=\"p1\"><span class=\"s1\">Wir haben Ihre Anfrage erhalten. Wir werden uns umgehend mit allen erforderlichen Informationen bei Ihnen melden.<\/span><\/p><p class=\"p1\"><span class=\"s1\">Wir freuen uns, dass Sie sich f\u00fcr unsere Dienstleistungen entschieden haben, und stehen Ihnen f\u00fcr weitere Fragen oder Erl\u00e4uterungen gerne zur Verf\u00fcgung.<\/span><\/p><p class=\"p1\"><span class=\"s1\">Mit freundlichen Gr\u00fc\u00dfen<\/span><\/p><p class=\"p1\"><span class=\"s1\"><b>Das Team von KAREDIL<\/b><\/span><\/p>\t\t\t\t\t\t\t\t<\/div>\n\t\t\t\t<\/div>\n\t\t\t\t\t<\/div>\n\t\t\t\t<\/div>\n\t\t<div class=\"elementor-element elementor-element-2d3fcc8 e-flex e-con-boxed e-con e-parent\" data-id=\"2d3fcc8\" data-element_type=\"container\" data-e-type=\"container\">\n\t\t\t\t\t<div class=\"e-con-inner\">\n\t\t\t\t<div class=\"elementor-element elementor-element-5823912 elementor-widget elementor-widget-spacer\" data-id=\"5823912\" data-element_type=\"widget\" data-e-type=\"widget\" data-widget_type=\"spacer.default\">\n\t\t\t\t<div class=\"elementor-widget-container\">\n\t\t\t\t\t\t\t<div class=\"elementor-spacer\">\n\t\t\t<div class=\"elementor-spacer-inner\"><\/div>\n\t\t<\/div>\n\t\t\t\t\t\t<\/div>\n\t\t\t\t<\/div>\n\t\t\t\t\t<\/div>\n\t\t\t\t<\/div>\n\t\t\t\t<\/div>\n\t\t","protected":false},"excerpt":{"rendered":"<p>Vielen Dank f\u00fcr Ihre Kontaktaufnahme Sehr geehrter Kunde, Wir haben Ihre Anfrage erhalten. Wir werden uns umgehend mit allen erforderlichen Informationen bei Ihnen melden. Wir freuen uns, dass Sie sich f\u00fcr unsere Dienstleistungen entschieden haben, und stehen Ihnen f\u00fcr weitere Fragen oder Erl\u00e4uterungen gerne zur Verf\u00fcgung. Mit freundlichen Gr\u00fc\u00dfen Das Team von KAREDIL<\/p>\n","protected":false},"author":1,"featured_media":0,"parent":0,"menu_order":0,"comment_status":"closed","ping_status":"closed","template":"","meta":{"footnotes":""},"class_list":["post-2374","page","type-page","status-publish","hentry"],"yoast_head":"<!-- This site is optimized with the Yoast SEO plugin v27.3 - https:\/\/yoast.com\/product\/yoast-seo-wordpress\/ -->\n<title>Dankesseite - KAREDIL - Impresa edile Cagliari<\/title>\n<meta name=\"description\" content=\"KAREDIL a Cagliari \u00e8 un&#039;impresa edile che ristruttura e costruisce appartamenti e villette in Gallura e all&#039;arcipelago della Maddalena\" \/>\n<meta name=\"robots\" content=\"index, follow, max-snippet:-1, max-image-preview:large, max-video-preview:-1\" \/>\n<link rel=\"canonical\" href=\"https:\/\/www.impresaedilekaredil.it\/de\/dankesseite\" \/>\n<meta property=\"og:locale\" content=\"de_DE\" \/>\n<meta property=\"og:type\" content=\"article\" \/>\n<meta property=\"og:title\" content=\"Dankesseite - KAREDIL - Impresa edile Cagliari\" \/>\n<meta property=\"og:description\" content=\"KAREDIL a Cagliari \u00e8 un&#039;impresa edile che ristruttura e costruisce appartamenti e villette in Gallura e all&#039;arcipelago della Maddalena\" \/>\n<meta property=\"og:url\" content=\"https:\/\/www.impresaedilekaredil.it\/de\/dankesseite\" \/>\n<meta property=\"og:site_name\" content=\"KAREDIL - Impresa edile Cagliari\" \/>\n<meta property=\"article:modified_time\" content=\"2026-04-09T09:53:00+00:00\" \/>\n<meta name=\"twitter:card\" content=\"summary_large_image\" \/>\n<script type=\"application\/ld+json\" class=\"yoast-schema-graph\">{\"@context\":\"https:\\\/\\\/schema.org\",\"@graph\":[{\"@type\":\"WebPage\",\"@id\":\"https:\\\/\\\/www.impresaedilekaredil.it\\\/de\\\/dankesseite\",\"url\":\"https:\\\/\\\/www.impresaedilekaredil.it\\\/de\\\/dankesseite\",\"name\":\"Dankesseite - KAREDIL - Impresa edile Cagliari\",\"isPartOf\":{\"@id\":\"https:\\\/\\\/www.impresaedilekaredil.it\\\/de#website\"},\"datePublished\":\"2025-11-26T16:21:53+00:00\",\"dateModified\":\"2026-04-09T09:53:00+00:00\",\"description\":\"KAREDIL a Cagliari \u00e8 un'impresa edile che ristruttura e costruisce appartamenti e villette in Gallura e all'arcipelago della Maddalena\",\"breadcrumb\":{\"@id\":\"https:\\\/\\\/www.impresaedilekaredil.it\\\/de\\\/dankesseite#breadcrumb\"},\"inLanguage\":\"de\",\"potentialAction\":[{\"@type\":\"ReadAction\",\"target\":[\"https:\\\/\\\/www.impresaedilekaredil.it\\\/de\\\/dankesseite\"]}]},{\"@type\":\"BreadcrumbList\",\"@id\":\"https:\\\/\\\/www.impresaedilekaredil.it\\\/de\\\/dankesseite#breadcrumb\",\"itemListElement\":[{\"@type\":\"ListItem\",\"position\":1,\"name\":\"Home\",\"item\":\"https:\\\/\\\/www.impresaedilekaredil.it\\\/de\"},{\"@type\":\"ListItem\",\"position\":2,\"name\":\"Dankesseite\"}]},{\"@type\":\"WebSite\",\"@id\":\"https:\\\/\\\/www.impresaedilekaredil.it\\\/de#website\",\"url\":\"https:\\\/\\\/www.impresaedilekaredil.it\\\/de\",\"name\":\"KAREDIL - Impresa edile Cagliari\",\"description\":\"\",\"publisher\":{\"@id\":\"https:\\\/\\\/www.impresaedilekaredil.it\\\/de#organization\"},\"potentialAction\":[{\"@type\":\"SearchAction\",\"target\":{\"@type\":\"EntryPoint\",\"urlTemplate\":\"https:\\\/\\\/www.impresaedilekaredil.it\\\/de?s={search_term_string}\"},\"query-input\":{\"@type\":\"PropertyValueSpecification\",\"valueRequired\":true,\"valueName\":\"search_term_string\"}}],\"inLanguage\":\"de\"},{\"@type\":\"Organization\",\"@id\":\"https:\\\/\\\/www.impresaedilekaredil.it\\\/de#organization\",\"name\":\"KAREDIL - Impresa edile Cagliari\",\"url\":\"https:\\\/\\\/www.impresaedilekaredil.it\\\/de\",\"logo\":{\"@type\":\"ImageObject\",\"inLanguage\":\"de\",\"@id\":\"https:\\\/\\\/www.impresaedilekaredil.it\\\/de#\\\/schema\\\/logo\\\/image\\\/\",\"url\":\"https:\\\/\\\/www.impresaedilekaredil.it\\\/wp-content\\\/uploads\\\/2025\\\/11\\\/cropped-logo_1-removebg-preview.png\",\"contentUrl\":\"https:\\\/\\\/www.impresaedilekaredil.it\\\/wp-content\\\/uploads\\\/2025\\\/11\\\/cropped-logo_1-removebg-preview.png\",\"width\":561,\"height\":364,\"caption\":\"KAREDIL - Impresa edile Cagliari\"},\"image\":{\"@id\":\"https:\\\/\\\/www.impresaedilekaredil.it\\\/de#\\\/schema\\\/logo\\\/image\\\/\"}}]}<\/script>\n<!-- \/ Yoast SEO plugin. -->","yoast_head_json":{"title":"Dankesseite - KAREDIL - Impresa edile Cagliari","description":"KAREDIL a Cagliari \u00e8 un'impresa edile che ristruttura e costruisce appartamenti e villette in Gallura e all'arcipelago della Maddalena","robots":{"index":"index","follow":"follow","max-snippet":"max-snippet:-1","max-image-preview":"max-image-preview:large","max-video-preview":"max-video-preview:-1"},"canonical":"https:\/\/www.impresaedilekaredil.it\/de\/dankesseite","og_locale":"de_DE","og_type":"article","og_title":"Dankesseite - KAREDIL - Impresa edile Cagliari","og_description":"KAREDIL a Cagliari \u00e8 un'impresa edile che ristruttura e costruisce appartamenti e villette in Gallura e all'arcipelago della Maddalena","og_url":"https:\/\/www.impresaedilekaredil.it\/de\/dankesseite","og_site_name":"KAREDIL - Impresa edile Cagliari","article_modified_time":"2026-04-09T09:53:00+00:00","twitter_card":"summary_large_image","schema":{"@context":"https:\/\/schema.org","@graph":[{"@type":"WebPage","@id":"https:\/\/www.impresaedilekaredil.it\/de\/dankesseite","url":"https:\/\/www.impresaedilekaredil.it\/de\/dankesseite","name":"Dankesseite - KAREDIL - Impresa edile Cagliari","isPartOf":{"@id":"https:\/\/www.impresaedilekaredil.it\/de#website"},"datePublished":"2025-11-26T16:21:53+00:00","dateModified":"2026-04-09T09:53:00+00:00","description":"KAREDIL a Cagliari \u00e8 un'impresa edile che ristruttura e costruisce appartamenti e villette in Gallura e all'arcipelago della Maddalena","breadcrumb":{"@id":"https:\/\/www.impresaedilekaredil.it\/de\/dankesseite#breadcrumb"},"inLanguage":"de","potentialAction":[{"@type":"ReadAction","target":["https:\/\/www.impresaedilekaredil.it\/de\/dankesseite"]}]},{"@type":"BreadcrumbList","@id":"https:\/\/www.impresaedilekaredil.it\/de\/dankesseite#breadcrumb","itemListElement":[{"@type":"ListItem","position":1,"name":"Home","item":"https:\/\/www.impresaedilekaredil.it\/de"},{"@type":"ListItem","position":2,"name":"Dankesseite"}]},{"@type":"WebSite","@id":"https:\/\/www.impresaedilekaredil.it\/de#website","url":"https:\/\/www.impresaedilekaredil.it\/de","name":"KAREDIL - Impresa edile Cagliari","description":"","publisher":{"@id":"https:\/\/www.impresaedilekaredil.it\/de#organization"},"potentialAction":[{"@type":"SearchAction","target":{"@type":"EntryPoint","urlTemplate":"https:\/\/www.impresaedilekaredil.it\/de?s={search_term_string}"},"query-input":{"@type":"PropertyValueSpecification","valueRequired":true,"valueName":"search_term_string"}}],"inLanguage":"de"},{"@type":"Organization","@id":"https:\/\/www.impresaedilekaredil.it\/de#organization","name":"KAREDIL - Impresa edile Cagliari","url":"https:\/\/www.impresaedilekaredil.it\/de","logo":{"@type":"ImageObject","inLanguage":"de","@id":"https:\/\/www.impresaedilekaredil.it\/de#\/schema\/logo\/image\/","url":"https:\/\/www.impresaedilekaredil.it\/wp-content\/uploads\/2025\/11\/cropped-logo_1-removebg-preview.png","contentUrl":"https:\/\/www.impresaedilekaredil.it\/wp-content\/uploads\/2025\/11\/cropped-logo_1-removebg-preview.png","width":561,"height":364,"caption":"KAREDIL - Impresa edile Cagliari"},"image":{"@id":"https:\/\/www.impresaedilekaredil.it\/de#\/schema\/logo\/image\/"}}]}},"_links":{"self":[{"href":"https:\/\/www.impresaedilekaredil.it\/de\/wp-json\/wp\/v2\/pages\/2374","targetHints":{"allow":["GET"]}}],"collection":[{"href":"https:\/\/www.impresaedilekaredil.it\/de\/wp-json\/wp\/v2\/pages"}],"about":[{"href":"https:\/\/www.impresaedilekaredil.it\/de\/wp-json\/wp\/v2\/types\/page"}],"author":[{"embeddable":true,"href":"https:\/\/www.impresaedilekaredil.it\/de\/wp-json\/wp\/v2\/users\/1"}],"replies":[{"embeddable":true,"href":"https:\/\/www.impresaedilekaredil.it\/de\/wp-json\/wp\/v2\/comments?post=2374"}],"version-history":[{"count":1,"href":"https:\/\/www.impresaedilekaredil.it\/de\/wp-json\/wp\/v2\/pages\/2374\/revisions"}],"predecessor-version":[{"id":2375,"href":"https:\/\/www.impresaedilekaredil.it\/de\/wp-json\/wp\/v2\/pages\/2374\/revisions\/2375"}],"wp:attachment":[{"href":"https:\/\/www.impresaedilekaredil.it\/de\/wp-json\/wp\/v2\/media?parent=2374"}],"curies":[{"name":"wp","href":"https:\/\/api.w.org\/{rel}","templated":true}]}}